{"id":991,"date":"2024-08-12T10:01:25","date_gmt":"2024-08-12T08:01:25","guid":{"rendered":"https:\/\/sabor-restaurant.de\/imprint\/"},"modified":"2025-05-15T13:19:46","modified_gmt":"2025-05-15T11:19:46","slug":"imprint","status":"publish","type":"page","link":"https:\/\/sabor-restaurant.de\/en\/imprint\/","title":{"rendered":"Imprint"},"content":{"rendered":"\t\t<div data-elementor-type=\"wp-page\" data-elementor-id=\"991\" class=\"elementor elementor-991 elementor-967\" data-elementor-post-type=\"page\">\n\t\t\t\t<div class=\"elementor-element elementor-element-12073f6b e-flex e-con-boxed e-con e-parent\" data-id=\"12073f6b\" data-element_type=\"container\" data-e-type=\"container\" data-settings=\"{&quot;background_background&quot;:&quot;classic&quot;}\">\n\t\t\t\t\t<div class=\"e-con-inner\">\n\t\t\t\t<div class=\"elementor-element elementor-element-13ee8762 elementor-widget__width-inherit elementor-invisible elementor-widget elementor-widget-heading\" data-id=\"13ee8762\" data-element_type=\"widget\" data-e-type=\"widget\" data-settings=\"{&quot;_animation&quot;:&quot;fadeIn&quot;}\" data-widget_type=\"heading.default\">\n\t\t\t\t<div class=\"elementor-widget-container\">\n\t\t\t\t\t<h2 class=\"elementor-heading-title elementor-size-default\">Imprint<\/h2>\t\t\t\t<\/div>\n\t\t\t\t<\/div>\n\t\t\t\t<div class=\"elementor-element elementor-element-465705cd elementor-icon-list--layout-inline elementor-align-center elementor-list-item-link-full_width elementor-invisible elementor-widget elementor-widget-icon-list\" data-id=\"465705cd\" data-element_type=\"widget\" data-e-type=\"widget\" data-settings=\"{&quot;_animation&quot;:&quot;fadeIn&quot;,&quot;_animation_delay&quot;:200}\" data-widget_type=\"icon-list.default\">\n\t\t\t\t<div class=\"elementor-widget-container\">\n\t\t\t\t\t\t\t<ul class=\"elementor-icon-list-items elementor-inline-items\">\n\t\t\t\t\t\t\t<li class=\"elementor-icon-list-item elementor-inline-item\">\n\t\t\t\t\t\t\t\t\t\t\t<a href=\"#\">\n\n\t\t\t\t\t\t\t\t\t\t\t<span class=\"elementor-icon-list-text\">Home<\/span>\n\t\t\t\t\t\t\t\t\t\t\t<\/a>\n\t\t\t\t\t\t\t\t\t<\/li>\n\t\t\t\t\t\t\t\t<li class=\"elementor-icon-list-item elementor-inline-item\">\n\t\t\t\t\t\t\t\t\t\t\t<a href=\"#\">\n\n\t\t\t\t\t\t\t\t\t\t\t\t<span class=\"elementor-icon-list-icon\">\n\t\t\t\t\t\t\t<svg aria-hidden=\"true\" class=\"e-font-icon-svg e-fas-circle\" viewBox=\"0 0 512 512\" xmlns=\"http:\/\/www.w3.org\/2000\/svg\"><path d=\"M256 8C119 8 8 119 8 256s111 248 248 248 248-111 248-248S393 8 256 8z\"><\/path><\/svg>\t\t\t\t\t\t<\/span>\n\t\t\t\t\t\t\t\t\t\t<span class=\"elementor-icon-list-text\">Imprint<\/span>\n\t\t\t\t\t\t\t\t\t\t\t<\/a>\n\t\t\t\t\t\t\t\t\t<\/li>\n\t\t\t\t\t\t<\/ul>\n\t\t\t\t\t\t<\/div>\n\t\t\t\t<\/div>\n\t\t\t\t\t<\/div>\n\t\t\t\t<\/div>\n\t\t<div class=\"elementor-element elementor-element-eae95fb e-flex e-con-boxed e-con e-parent\" data-id=\"eae95fb\" data-element_type=\"container\" data-e-type=\"container\">\n\t\t\t\t\t<div class=\"e-con-inner\">\n\t\t\t\t<div class=\"elementor-element elementor-element-55b0080 elementor-widget elementor-widget-text-editor\" data-id=\"55b0080\" data-element_type=\"widget\" data-e-type=\"widget\" data-widget_type=\"text-editor.default\">\n\t\t\t\t<div class=\"elementor-widget-container\">\n\t\t\t\t\t\t\t\t\t<p style=\"font-weight: 400;\"><strong><u>Rioca Gastro Frankfurt GmbH<\/u><\/strong><\/p><p style=\"font-weight: 400;\">Julius-Bausch-Stra\u00dfe 50, 73431 Aalen, Germany.<\/p><p style=\"font-weight: 400;\"><strong>Gesch\u00e4ftsf\u00fchrer:<\/strong><\/p><p style=\"font-weight: 400;\">Amos A. Engelhardt<\/p><p style=\"font-weight: 400;\">Jorge Luis Salazar Lopez<\/p><p style=\"font-weight: 400;\"><strong>Handelsregister:<\/strong><\/p><p style=\"font-weight: 400;\">Amtsgericht Ulm, HRB 748212<\/p><p style=\"font-weight: 400;\"><strong>Umsatzsteueridentifikationsnummer: <\/strong><\/p><p style=\"font-weight: 400;\">DE369508557<\/p><p style=\"font-weight: 400;\"> <\/p><p style=\"font-weight: 400;\"><strong>Kontakt:<\/strong><br>Telefon: +49 69 200912519<br>E-Mail: kontakt@sabor-retstaurant.de<br>Internet: <a href=\"http:\/\/www.sabor-retsaurant.de\/\">www.sabor-retsaurant.de<\/a><\/p><p style=\"font-weight: 400;\"> <\/p><p style=\"font-weight: 400;\">Verantwortlicher f\u00fcr den journalistisch-redaktionellen Inhalt gem\u00e4\u00df<strong> \u00a7 18 Abs. 2 MStV  <\/strong>Jorge Luis Salazar Lopez, Julius-Bausch-Stra\u00dfe 50, 73431 Aalen.<br><br><\/p><p style=\"font-weight: 400;\"><strong>Erweiterter Geltungsbereich<\/strong><br>Dieses Impressum gilt nicht nur f\u00fcr die www.sabor-retsaurant.de Webseite, sondern auch f\u00fcr die Unternehmensseiten auf Instagram und Facebook, die auf diese Webseite verlinken.<\/p><p style=\"font-weight: 400;\"><strong>Haftungshinweis:<\/strong><\/p><p style=\"font-weight: 400;\">Wir haben keinen Einfluss auf den Inhalt anderer Webseiten, auf die durch externe Links von unserer Webseite verwiesen wird. F\u00fcr den Inhalt der verlinkten Seiten sind ausschlie\u00dflich deren Betreiber verantwortlich. Wir machen uns die Inhalte solcher Webseiten auch nicht zu eigen und haften f\u00fcr solche Inhalte nicht. Eine Verwertung der urheberrechtlich gesch\u00fctzten Beitr\u00e4ge, Bilder, Marken und sonstige Werke, insbesondere durch Vervielf\u00e4ltigung und Verbreitung \u2013 auch in elektronischer Form -, ist ohne unsere vorherige schriftliche Zustimmung untersagt.   <\/p><p style=\"font-weight: 400;\"> <\/p><p style=\"font-weight: 400;\"><strong>Streitschlichtung<\/strong><\/p><p style=\"font-weight: 400;\">Die EU-Kommission betreibt eine Plattform zur Online-Streitbeilegung. Diese ist erreichbar \u00fcber den folgenden Link: http:\/\/ec.europa.eu\/consumers\/odr\/. Wir weisen darauf hin, dass wir nicht bereit oder verpflichtet sind an einem Streitbeilegungsverfahren im Rahmen der Europ\u00e4ischen Online-Streitbeilegungs-Plattform zu beteiligen. <\/p><p style=\"font-weight: 400;\"><strong> <\/strong><\/p><p style=\"font-weight: 400;\"><strong>Bildrechte<\/strong><\/p><p style=\"font-weight: 400;\">Alle Rechte vorbehalten. Alle Texte, Bilder, Graphiken, Ton-, Video- und Animationsdateien sowie ihre Arrangements unterliegen dem Urheberrecht und anderen Gesetzen zum Schutz geistigen Eigentums. Sie d\u00fcrfen weder f\u00fcr Handelszwecke oder zur Weitergabe kopiert, noch ver\u00e4ndert und auf anderen Web-Sites verwendet werden.  <\/p>\t\t\t\t\t\t\t\t<\/div>\n\t\t\t\t<\/div>\n\t\t\t\t\t<\/div>\n\t\t\t\t<\/div>\n\t\t\t\t<\/div>\n\t\t","protected":false},"excerpt":{"rendered":"<p>Imprint Home Imprint Rioca Gastro Frankfurt GmbH Julius-Bausch-Stra\u00dfe 50, 73431 Aalen, Germany. Gesch\u00e4ftsf\u00fchrer: Amos A. Engelhardt Jorge Luis Salazar Lopez Handelsregister: Amtsgericht Ulm, HRB 748212 Umsatzsteueridentifikationsnummer: DE369508557 Kontakt:Telefon: +49 69 200912519E-Mail: kontakt@sabor-retstaurant.deInternet: www.sabor-retsaurant.de Verantwortlicher f\u00fcr den journalistisch-redaktionellen Inhalt gem\u00e4\u00df \u00a7 18 Abs. 2 MStV Jorge Luis Salazar Lopez, Julius-Bausch-Stra\u00dfe 50, 73431 Aalen. Erweiterter GeltungsbereichDieses Impressum [&hellip;]<\/p>\n","protected":false},"author":1,"featured_media":0,"parent":0,"menu_order":0,"comment_status":"closed","ping_status":"closed","template":"","meta":{"footnotes":""},"class_list":["post-991","page","type-page","status-publish","hentry"],"yoast_head":"<!-- This site is optimized with the Yoast SEO plugin v27.3 - https:\/\/yoast.com\/product\/yoast-seo-wordpress\/ -->\n<title>Restaurant Frankfurt und Sky Bar | Sabor \u2764\ufe0f<\/title>\n<meta name=\"description\" content=\"Besuche unser Restaurant in Frankfurt mit Sky Bar. Von Tacos bis Pichana gibt es bei uns das beste aus Ibero-America.Genie\u00dfe den Blick \u00fcber Frankfurt.\" \/>\n<meta name=\"robots\" content=\"index, follow, max-snippet:-1, max-image-preview:large, max-video-preview:-1\" \/>\n<link rel=\"canonical\" href=\"https:\/\/sabor-restaurant.de\/en\/imprint\/\" \/>\n<meta property=\"og:locale\" content=\"en_US\" \/>\n<meta property=\"og:type\" content=\"article\" \/>\n<meta property=\"og:title\" content=\"Restaurant Frankfurt und Sky Bar | Sabor \u2764\ufe0f\" \/>\n<meta property=\"og:description\" content=\"Besuche unser Restaurant in Frankfurt mit Sky Bar. Von Tacos bis Pichana gibt es bei uns das beste aus Ibero-America.Genie\u00dfe den Blick \u00fcber Frankfurt.\" \/>\n<meta property=\"og:url\" content=\"https:\/\/sabor-restaurant.de\/en\/imprint\/\" \/>\n<meta property=\"og:site_name\" content=\"Sabor\" \/>\n<meta property=\"article:modified_time\" content=\"2025-05-15T11:19:46+00:00\" \/>\n<meta property=\"og:image\" content=\"https:\/\/sabor-restaurant.de\/wp-content\/uploads\/2024\/09\/sabor-frankfurt11-kopie-66dea846af291.webp\" \/>\n\t<meta property=\"og:image:width\" content=\"2048\" \/>\n\t<meta property=\"og:image:height\" content=\"1365\" \/>\n\t<meta property=\"og:image:type\" content=\"image\/webp\" \/>\n<meta name=\"twitter:card\" content=\"summary_large_image\" \/>\n<meta name=\"twitter:label1\" content=\"Est. reading time\" \/>\n\t<meta name=\"twitter:data1\" content=\"1 minute\" \/>\n<script type=\"application\/ld+json\" class=\"yoast-schema-graph\">{\"@context\":\"https:\\\/\\\/schema.org\",\"@graph\":[{\"@type\":\"WebPage\",\"@id\":\"https:\\\/\\\/sabor-restaurant.de\\\/en\\\/imprint\\\/\",\"url\":\"https:\\\/\\\/sabor-restaurant.de\\\/en\\\/imprint\\\/\",\"name\":\"Restaurant Frankfurt und Sky Bar | Sabor \u2764\ufe0f\",\"isPartOf\":{\"@id\":\"https:\\\/\\\/sabor-restaurant.de\\\/#website\"},\"datePublished\":\"2024-08-12T08:01:25+00:00\",\"dateModified\":\"2025-05-15T11:19:46+00:00\",\"description\":\"Besuche unser Restaurant in Frankfurt mit Sky Bar. Von Tacos bis Pichana gibt es bei uns das beste aus Ibero-America.Genie\u00dfe den Blick \u00fcber Frankfurt.\",\"breadcrumb\":{\"@id\":\"https:\\\/\\\/sabor-restaurant.de\\\/en\\\/imprint\\\/#breadcrumb\"},\"inLanguage\":\"en-US\",\"potentialAction\":[{\"@type\":\"ReadAction\",\"target\":[\"https:\\\/\\\/sabor-restaurant.de\\\/en\\\/imprint\\\/\"]}]},{\"@type\":\"BreadcrumbList\",\"@id\":\"https:\\\/\\\/sabor-restaurant.de\\\/en\\\/imprint\\\/#breadcrumb\",\"itemListElement\":[{\"@type\":\"ListItem\",\"position\":1,\"name\":\"Startseite\",\"item\":\"https:\\\/\\\/sabor-restaurant.de\\\/en\\\/home-page\\\/\"},{\"@type\":\"ListItem\",\"position\":2,\"name\":\"Imprint\"}]},{\"@type\":\"WebSite\",\"@id\":\"https:\\\/\\\/sabor-restaurant.de\\\/#website\",\"url\":\"https:\\\/\\\/sabor-restaurant.de\\\/\",\"name\":\"Sabor\",\"description\":\"Flavors of Ibero-America\",\"publisher\":{\"@id\":\"https:\\\/\\\/sabor-restaurant.de\\\/#organization\"},\"potentialAction\":[{\"@type\":\"SearchAction\",\"target\":{\"@type\":\"EntryPoint\",\"urlTemplate\":\"https:\\\/\\\/sabor-restaurant.de\\\/?s={search_term_string}\"},\"query-input\":{\"@type\":\"PropertyValueSpecification\",\"valueRequired\":true,\"valueName\":\"search_term_string\"}}],\"inLanguage\":\"en-US\"},{\"@type\":\"Organization\",\"@id\":\"https:\\\/\\\/sabor-restaurant.de\\\/#organization\",\"name\":\"Sabor\",\"url\":\"https:\\\/\\\/sabor-restaurant.de\\\/\",\"logo\":{\"@type\":\"ImageObject\",\"inLanguage\":\"en-US\",\"@id\":\"https:\\\/\\\/sabor-restaurant.de\\\/#\\\/schema\\\/logo\\\/image\\\/\",\"url\":\"https:\\\/\\\/sabor-restaurant.de\\\/wp-content\\\/uploads\\\/2024\\\/07\\\/Sabor_Logo_terracotta.png\",\"contentUrl\":\"https:\\\/\\\/sabor-restaurant.de\\\/wp-content\\\/uploads\\\/2024\\\/07\\\/Sabor_Logo_terracotta.png\",\"width\":1209,\"height\":1082,\"caption\":\"Sabor\"},\"image\":{\"@id\":\"https:\\\/\\\/sabor-restaurant.de\\\/#\\\/schema\\\/logo\\\/image\\\/\"},\"sameAs\":[\"https:\\\/\\\/www.instagram.com\\\/sabor_restaurants\\\/\"]}]}<\/script>\n<!-- \/ Yoast SEO plugin. -->","yoast_head_json":{"title":"Restaurant Frankfurt und Sky Bar | Sabor \u2764\ufe0f","description":"Besuche unser Restaurant in Frankfurt mit Sky Bar. Von Tacos bis Pichana gibt es bei uns das beste aus Ibero-America.Genie\u00dfe den Blick \u00fcber Frankfurt.","robots":{"index":"index","follow":"follow","max-snippet":"max-snippet:-1","max-image-preview":"max-image-preview:large","max-video-preview":"max-video-preview:-1"},"canonical":"https:\/\/sabor-restaurant.de\/en\/imprint\/","og_locale":"en_US","og_type":"article","og_title":"Restaurant Frankfurt und Sky Bar | Sabor \u2764\ufe0f","og_description":"Besuche unser Restaurant in Frankfurt mit Sky Bar. Von Tacos bis Pichana gibt es bei uns das beste aus Ibero-America.Genie\u00dfe den Blick \u00fcber Frankfurt.","og_url":"https:\/\/sabor-restaurant.de\/en\/imprint\/","og_site_name":"Sabor","article_modified_time":"2025-05-15T11:19:46+00:00","og_image":[{"width":2048,"height":1365,"url":"https:\/\/sabor-restaurant.de\/wp-content\/uploads\/2024\/09\/sabor-frankfurt11-kopie-66dea846af291.webp","type":"image\/webp"}],"twitter_card":"summary_large_image","twitter_misc":{"Est. reading time":"1 minute"},"schema":{"@context":"https:\/\/schema.org","@graph":[{"@type":"WebPage","@id":"https:\/\/sabor-restaurant.de\/en\/imprint\/","url":"https:\/\/sabor-restaurant.de\/en\/imprint\/","name":"Restaurant Frankfurt und Sky Bar | Sabor \u2764\ufe0f","isPartOf":{"@id":"https:\/\/sabor-restaurant.de\/#website"},"datePublished":"2024-08-12T08:01:25+00:00","dateModified":"2025-05-15T11:19:46+00:00","description":"Besuche unser Restaurant in Frankfurt mit Sky Bar. Von Tacos bis Pichana gibt es bei uns das beste aus Ibero-America.Genie\u00dfe den Blick \u00fcber Frankfurt.","breadcrumb":{"@id":"https:\/\/sabor-restaurant.de\/en\/imprint\/#breadcrumb"},"inLanguage":"en-US","potentialAction":[{"@type":"ReadAction","target":["https:\/\/sabor-restaurant.de\/en\/imprint\/"]}]},{"@type":"BreadcrumbList","@id":"https:\/\/sabor-restaurant.de\/en\/imprint\/#breadcrumb","itemListElement":[{"@type":"ListItem","position":1,"name":"Startseite","item":"https:\/\/sabor-restaurant.de\/en\/home-page\/"},{"@type":"ListItem","position":2,"name":"Imprint"}]},{"@type":"WebSite","@id":"https:\/\/sabor-restaurant.de\/#website","url":"https:\/\/sabor-restaurant.de\/","name":"Sabor","description":"Flavors of Ibero-America","publisher":{"@id":"https:\/\/sabor-restaurant.de\/#organization"},"potentialAction":[{"@type":"SearchAction","target":{"@type":"EntryPoint","urlTemplate":"https:\/\/sabor-restaurant.de\/?s={search_term_string}"},"query-input":{"@type":"PropertyValueSpecification","valueRequired":true,"valueName":"search_term_string"}}],"inLanguage":"en-US"},{"@type":"Organization","@id":"https:\/\/sabor-restaurant.de\/#organization","name":"Sabor","url":"https:\/\/sabor-restaurant.de\/","logo":{"@type":"ImageObject","inLanguage":"en-US","@id":"https:\/\/sabor-restaurant.de\/#\/schema\/logo\/image\/","url":"https:\/\/sabor-restaurant.de\/wp-content\/uploads\/2024\/07\/Sabor_Logo_terracotta.png","contentUrl":"https:\/\/sabor-restaurant.de\/wp-content\/uploads\/2024\/07\/Sabor_Logo_terracotta.png","width":1209,"height":1082,"caption":"Sabor"},"image":{"@id":"https:\/\/sabor-restaurant.de\/#\/schema\/logo\/image\/"},"sameAs":["https:\/\/www.instagram.com\/sabor_restaurants\/"]}]}},"_links":{"self":[{"href":"https:\/\/sabor-restaurant.de\/en\/wp-json\/wp\/v2\/pages\/991","targetHints":{"allow":["GET"]}}],"collection":[{"href":"https:\/\/sabor-restaurant.de\/en\/wp-json\/wp\/v2\/pages"}],"about":[{"href":"https:\/\/sabor-restaurant.de\/en\/wp-json\/wp\/v2\/types\/page"}],"author":[{"embeddable":true,"href":"https:\/\/sabor-restaurant.de\/en\/wp-json\/wp\/v2\/users\/1"}],"replies":[{"embeddable":true,"href":"https:\/\/sabor-restaurant.de\/en\/wp-json\/wp\/v2\/comments?post=991"}],"version-history":[{"count":2,"href":"https:\/\/sabor-restaurant.de\/en\/wp-json\/wp\/v2\/pages\/991\/revisions"}],"predecessor-version":[{"id":1880,"href":"https:\/\/sabor-restaurant.de\/en\/wp-json\/wp\/v2\/pages\/991\/revisions\/1880"}],"wp:attachment":[{"href":"https:\/\/sabor-restaurant.de\/en\/wp-json\/wp\/v2\/media?parent=991"}],"curies":[{"name":"wp","href":"https:\/\/api.w.org\/{rel}","templated":true}]}}